{"id":1122,"date":"2022-05-25T10:21:20","date_gmt":"2022-05-25T07:21:20","guid":{"rendered":"https:\/\/granholmsgronsaker.fi\/rekrytointi\/"},"modified":"2023-07-03T23:02:55","modified_gmt":"2023-07-03T20:02:55","slug":"rekrytointi","status":"publish","type":"page","link":"https:\/\/granholmsgronsaker.fi\/fi\/rekrytointi\/","title":{"rendered":"Rekrytointi"},"content":{"rendered":"\t\t<div data-elementor-type=\"wp-page\" data-elementor-id=\"1122\" class=\"elementor elementor-1122 elementor-452\" data-elementor-post-type=\"page\">\n\t\t\t\t\t\t<section class=\"elementor-section elementor-top-section elementor-element elementor-element-d647304 elementor-section-full_width elementor-section-height-min-height elementor-section-height-default elementor-section-items-middle\" data-id=\"d647304\" data-element_type=\"section\" data-e-type=\"section\" data-settings=\"{&quot;background_background&quot;:&quot;classic&quot;,&quot;_ob_glider_is_slider&quot;:&quot;no&quot;}\">\n\t\t\t\t\t\t\t<div class=\"elementor-background-overlay\"><\/div>\n\t\t\t\t\t\t\t<div class=\"elementor-container elementor-column-gap-no\">\n\t\t\t\t\t<div class=\"elementor-column elementor-col-100 elementor-top-column elementor-element elementor-element-5eda6bd\" data-id=\"5eda6bd\" data-element_type=\"column\" data-e-type=\"column\" data-settings=\"{&quot;background_background&quot;:&quot;classic&quot;,&quot;_ob_column_hoveranimator&quot;:&quot;no&quot;,&quot;_ob_column_has_pseudo&quot;:&quot;no&quot;}\">\n\t\t\t<div class=\"elementor-widget-wrap\">\n\t\t\t\t\t\t\t<\/div>\n\t\t<\/div>\n\t\t\t\t\t<\/div>\n\t\t<\/section>\n\t\t\t\t<section class=\"elementor-section elementor-top-section elementor-element elementor-element-7999cde elementor-section-boxed elementor-section-height-default elementor-section-height-default\" data-id=\"7999cde\" data-element_type=\"section\" data-e-type=\"section\" data-settings=\"{&quot;_ob_glider_is_slider&quot;:&quot;no&quot;}\">\n\t\t\t\t\t\t<div class=\"elementor-container elementor-column-gap-default\">\n\t\t\t\t\t<div class=\"elementor-column elementor-col-50 elementor-top-column elementor-element elementor-element-8f758d5\" data-id=\"8f758d5\" data-element_type=\"column\" data-e-type=\"column\" data-settings=\"{&quot;_ob_column_hoveranimator&quot;:&quot;no&quot;,&quot;_ob_column_has_pseudo&quot;:&quot;no&quot;}\">\n\t\t\t<div class=\"elementor-widget-wrap elementor-element-populated\">\n\t\t\t\t\t\t<div class=\"elementor-element elementor-element-63fd783 ob-harakiri-inherit ob-has-background-overlay elementor-widget elementor-widget-heading\" data-id=\"63fd783\" data-element_type=\"widget\" data-e-type=\"widget\" data-settings=\"{&quot;_ob_use_harakiri&quot;:&quot;yes&quot;,&quot;_ob_harakiri_writing_mode&quot;:&quot;inherit&quot;,&quot;_ob_harakiri_text_clip&quot;:&quot;none&quot;,&quot;_ob_widget_stalker_use&quot;:&quot;no&quot;,&quot;_ob_poopart_use&quot;:&quot;yes&quot;,&quot;_ob_shadough_use&quot;:&quot;no&quot;,&quot;_ob_allow_hoveranimator&quot;:&quot;no&quot;}\" data-widget_type=\"heading.default\">\n\t\t\t\t<div class=\"elementor-widget-container\">\n\t\t\t\t\t<h1 class=\"elementor-heading-title elementor-size-default\">Rekrytointi<\/h1>\t\t\t\t<\/div>\n\t\t\t\t<\/div>\n\t\t\t\t<div class=\"elementor-element elementor-element-2ebe931 ob-harakiri-inherit ob-has-background-overlay elementor-widget elementor-widget-text-editor\" data-id=\"2ebe931\" data-element_type=\"widget\" data-e-type=\"widget\" data-settings=\"{&quot;_ob_use_harakiri&quot;:&quot;yes&quot;,&quot;_ob_harakiri_writing_mode&quot;:&quot;inherit&quot;,&quot;_ob_postman_use&quot;:&quot;no&quot;,&quot;_ob_widget_stalker_use&quot;:&quot;no&quot;,&quot;_ob_poopart_use&quot;:&quot;yes&quot;,&quot;_ob_shadough_use&quot;:&quot;no&quot;,&quot;_ob_allow_hoveranimator&quot;:&quot;no&quot;}\" data-widget_type=\"text-editor.default\">\n\t\t\t\t<div class=\"elementor-widget-container\">\n\t\t\t\t\t\t\t\t\t<p>K\u00e4yt\u00e4mme Recrew ty\u00f6nv\u00e4litys, ett\u00e4 saadaan p\u00e4tevi\u00e4 ja hyvi\u00e4 ty\u00f6kavereita. Voit ottaa heihin yhteytt\u00e4 Rebecca@recrew.fi kautta jos haluat tiet\u00e4\u00e4 enemm\u00e4n, tai jos olet kiinnostunut ty\u00f6nv\u00e4litysalan ty\u00f6skentelyst\u00e4.<\/p>\t\t\t\t\t\t\t\t<\/div>\n\t\t\t\t<\/div>\n\t\t\t\t\t<\/div>\n\t\t<\/div>\n\t\t\t\t<div class=\"elementor-column elementor-col-50 elementor-top-column elementor-element elementor-element-18d1019\" data-id=\"18d1019\" data-element_type=\"column\" data-e-type=\"column\" data-settings=\"{&quot;_ob_column_hoveranimator&quot;:&quot;no&quot;,&quot;_ob_column_has_pseudo&quot;:&quot;no&quot;}\">\n\t\t\t<div class=\"elementor-widget-wrap elementor-element-populated\">\n\t\t\t\t\t\t<div class=\"elementor-element elementor-element-3b3a877 ob-has-background-overlay elementor-widget elementor-widget-image\" data-id=\"3b3a877\" data-element_type=\"widget\" data-e-type=\"widget\" data-settings=\"{&quot;_ob_photomorph_use&quot;:&quot;no&quot;,&quot;_ob_widget_stalker_use&quot;:&quot;no&quot;,&quot;_ob_poopart_use&quot;:&quot;yes&quot;,&quot;_ob_shadough_use&quot;:&quot;no&quot;,&quot;_ob_allow_hoveranimator&quot;:&quot;no&quot;}\" data-widget_type=\"image.default\">\n\t\t\t\t<div class=\"elementor-widget-container\">\n\t\t\t\t\t\t\t\t\t\t\t\t\t\t\t<img fetchpriority=\"high\" decoding=\"async\" width=\"800\" height=\"555\" src=\"https:\/\/granholmsgronsaker.fi\/wp-content\/uploads\/2023\/06\/Recrew-logo-1-1024x710.jpg\" class=\"attachment-large size-large wp-image-1111\" alt=\"\" srcset=\"https:\/\/granholmsgronsaker.fi\/wp-content\/uploads\/2023\/06\/Recrew-logo-1-1024x710.jpg 1024w, https:\/\/granholmsgronsaker.fi\/wp-content\/uploads\/2023\/06\/Recrew-logo-1-300x208.jpg 300w, https:\/\/granholmsgronsaker.fi\/wp-content\/uploads\/2023\/06\/Recrew-logo-1-768x532.jpg 768w, https:\/\/granholmsgronsaker.fi\/wp-content\/uploads\/2023\/06\/Recrew-logo-1-1536x1065.jpg 1536w, https:\/\/granholmsgronsaker.fi\/wp-content\/uploads\/2023\/06\/Recrew-logo-1-scaled.jpg 2048w\" sizes=\"(max-width: 800px) 100vw, 800px\" \/>\t\t\t\t\t\t\t\t\t\t\t\t\t\t\t<\/div>\n\t\t\t\t<\/div>\n\t\t\t\t\t<\/div>\n\t\t<\/div>\n\t\t\t\t\t<\/div>\n\t\t<\/section>\n\t\t\t\t<\/div>\n\t\t","protected":false},"excerpt":{"rendered":"<p>Rekrytointi K\u00e4yt\u00e4mme Recrew ty\u00f6nv\u00e4litys, ett\u00e4 saadaan p\u00e4tevi\u00e4 ja hyvi\u00e4 ty\u00f6kavereita. Voit ottaa heihin yhteytt\u00e4 Rebecca@recrew.fi kautta jos haluat tiet\u00e4\u00e4 enemm\u00e4n, tai jos olet kiinnostunut ty\u00f6nv\u00e4litysalan ty\u00f6skentelyst\u00e4.<\/p>\n","protected":false},"author":1,"featured_media":0,"parent":0,"menu_order":0,"comment_status":"closed","ping_status":"closed","template":"elementor_header_footer","meta":{"footnotes":""},"class_list":["post-1122","page","type-page","status-publish","hentry"],"_links":{"self":[{"href":"https:\/\/granholmsgronsaker.fi\/fi\/wp-json\/wp\/v2\/pages\/1122","targetHints":{"allow":["GET"]}}],"collection":[{"href":"https:\/\/granholmsgronsaker.fi\/fi\/wp-json\/wp\/v2\/pages"}],"about":[{"href":"https:\/\/granholmsgronsaker.fi\/fi\/wp-json\/wp\/v2\/types\/page"}],"author":[{"embeddable":true,"href":"https:\/\/granholmsgronsaker.fi\/fi\/wp-json\/wp\/v2\/users\/1"}],"replies":[{"embeddable":true,"href":"https:\/\/granholmsgronsaker.fi\/fi\/wp-json\/wp\/v2\/comments?post=1122"}],"version-history":[{"count":4,"href":"https:\/\/granholmsgronsaker.fi\/fi\/wp-json\/wp\/v2\/pages\/1122\/revisions"}],"predecessor-version":[{"id":1126,"href":"https:\/\/granholmsgronsaker.fi\/fi\/wp-json\/wp\/v2\/pages\/1122\/revisions\/1126"}],"wp:attachment":[{"href":"https:\/\/granholmsgronsaker.fi\/fi\/wp-json\/wp\/v2\/media?parent=1122"}],"curies":[{"name":"wp","href":"https:\/\/api.w.org\/{rel}","templated":true}]}}